{"id":2243,"date":"2019-07-05T17:20:56","date_gmt":"2019-07-05T15:20:56","guid":{"rendered":"https:\/\/www.mso.de\/?page_id=2243"},"modified":"2024-06-24T08:49:22","modified_gmt":"2024-06-24T06:49:22","slug":"imprint","status":"publish","type":"page","link":"https:\/\/staging.mso.de\/en\/imprint\/","title":{"rendered":"Imprint"},"content":{"rendered":"\t\t<div data-elementor-type=\"wp-post\" data-elementor-id=\"2243\" class=\"elementor elementor-2243 elementor-20\" data-elementor-post-type=\"page\">\n\t\t\t\t\t\t<section class=\"elementor-section elementor-top-section elementor-element elementor-element-9bbdf68 elementor-reverse-tablet elementor-reverse-mobile elementor-section-boxed elementor-section-height-default elementor-section-height-default\" data-id=\"9bbdf68\" data-element_type=\"section\" data-e-type=\"section\" data-settings=\"{&quot;jet_parallax_layout_list&quot;:[{&quot;jet_parallax_layout_image&quot;:{&quot;url&quot;:&quot;&quot;,&quot;id&quot;:&quot;&quot;,&quot;size&quot;:&quot;&quot;},&quot;jet_parallax_layout_speed&quot;:{&quot;unit&quot;:&quot;%&quot;,&quot;size&quot;:100,&quot;sizes&quot;:[]},&quot;jet_parallax_layout_on&quot;:[&quot;desktop&quot;,&quot;tablet&quot;,&quot;mobile&quot;],&quot;_id&quot;:&quot;490679e&quot;,&quot;jet_parallax_layout_image_laptop&quot;:{&quot;url&quot;:&quot;&quot;,&quot;id&quot;:&quot;&quot;,&quot;size&quot;:&quot;&quot;},&quot;jet_parallax_layout_image_tablet&quot;:{&quot;url&quot;:&quot;&quot;,&quot;id&quot;:&quot;&quot;,&quot;size&quot;:&quot;&quot;},&quot;jet_parallax_layout_image_mobile&quot;:{&quot;url&quot;:&quot;&quot;,&quot;id&quot;:&quot;&quot;,&quot;size&quot;:&quot;&quot;},&quot;jet_parallax_layout_type&quot;:&quot;scroll&quot;,&quot;jet_parallax_layout_direction&quot;:&quot;1&quot;,&quot;jet_parallax_layout_fx_direction&quot;:null,&quot;jet_parallax_layout_z_index&quot;:&quot;&quot;,&quot;jet_parallax_layout_bg_x&quot;:50,&quot;jet_parallax_layout_bg_x_laptop&quot;:&quot;&quot;,&quot;jet_parallax_layout_bg_x_tablet&quot;:&quot;&quot;,&quot;jet_parallax_layout_bg_x_mobile&quot;:&quot;&quot;,&quot;jet_parallax_layout_bg_y&quot;:50,&quot;jet_parallax_layout_bg_y_laptop&quot;:&quot;&quot;,&quot;jet_parallax_layout_bg_y_tablet&quot;:&quot;&quot;,&quot;jet_parallax_layout_bg_y_mobile&quot;:&quot;&quot;,&quot;jet_parallax_layout_bg_size&quot;:&quot;auto&quot;,&quot;jet_parallax_layout_bg_size_laptop&quot;:&quot;&quot;,&quot;jet_parallax_layout_bg_size_tablet&quot;:&quot;&quot;,&quot;jet_parallax_layout_bg_size_mobile&quot;:&quot;&quot;,&quot;jet_parallax_layout_animation_prop&quot;:&quot;transform&quot;}],&quot;background_background&quot;:&quot;classic&quot;}\">\n\t\t\t\t\t\t<div class=\"elementor-container elementor-column-gap-default\">\n\t\t\t\t\t<div class=\"elementor-column elementor-col-50 elementor-top-column elementor-element elementor-element-17ff27c\" data-id=\"17ff27c\" data-element_type=\"column\" data-e-type=\"column\" data-settings=\"{&quot;background_background&quot;:&quot;classic&quot;}\">\n\t\t\t<div class=\"elementor-widget-wrap elementor-element-populated\">\n\t\t\t\t\t\t<div class=\"elementor-element elementor-element-4d2aef8 elementor-hidden-tablet elementor-hidden-mobile elementor-widget elementor-widget-heading\" data-id=\"4d2aef8\" data-element_type=\"widget\" data-e-type=\"widget\" data-widget_type=\"heading.default\">\n\t\t\t\t\t<h2 class=\"elementor-heading-title elementor-size-default\">Imprint<\/h2>\t\t\t\t<\/div>\n\t\t\t\t<div data-dce-title-color=\"#FFFEFE\" class=\"elementor-element elementor-element-b9c4f3c elementor-hidden-desktop elementor-widget elementor-widget-heading\" data-id=\"b9c4f3c\" data-element_type=\"widget\" data-e-type=\"widget\" data-widget_type=\"heading.default\">\n\t\t\t\t\t<h2 class=\"elementor-heading-title elementor-size-default\">Imprint<\/h2>\t\t\t\t<\/div>\n\t\t\t\t\t<\/div>\n\t\t<\/div>\n\t\t\t\t<div class=\"elementor-column elementor-col-50 elementor-top-column elementor-element elementor-element-7eee911\" data-id=\"7eee911\" data-element_type=\"column\" data-e-type=\"column\" data-settings=\"{&quot;background_background&quot;:&quot;classic&quot;}\">\n\t\t\t<div class=\"elementor-widget-wrap\">\n\t\t\t\t\t\t\t<\/div>\n\t\t<\/div>\n\t\t\t\t\t<\/div>\n\t\t<\/section>\n\t\t\t\t<section class=\"elementor-section elementor-top-section elementor-element elementor-element-b93f8ca elementor-section-boxed elementor-section-height-default elementor-section-height-default\" data-id=\"b93f8ca\" data-element_type=\"section\" data-e-type=\"section\" data-settings=\"{&quot;jet_parallax_layout_list&quot;:[{&quot;jet_parallax_layout_image&quot;:{&quot;url&quot;:&quot;&quot;,&quot;id&quot;:&quot;&quot;,&quot;size&quot;:&quot;&quot;},&quot;_id&quot;:&quot;250719d&quot;,&quot;jet_parallax_layout_image_laptop&quot;:{&quot;url&quot;:&quot;&quot;,&quot;id&quot;:&quot;&quot;,&quot;size&quot;:&quot;&quot;},&quot;jet_parallax_layout_image_tablet&quot;:{&quot;url&quot;:&quot;&quot;,&quot;id&quot;:&quot;&quot;,&quot;size&quot;:&quot;&quot;},&quot;jet_parallax_layout_image_mobile&quot;:{&quot;url&quot;:&quot;&quot;,&quot;id&quot;:&quot;&quot;,&quot;size&quot;:&quot;&quot;},&quot;jet_parallax_layout_speed&quot;:{&quot;unit&quot;:&quot;%&quot;,&quot;size&quot;:50,&quot;sizes&quot;:[]},&quot;jet_parallax_layout_type&quot;:&quot;scroll&quot;,&quot;jet_parallax_layout_direction&quot;:&quot;1&quot;,&quot;jet_parallax_layout_fx_direction&quot;:null,&quot;jet_parallax_layout_z_index&quot;:&quot;&quot;,&quot;jet_parallax_layout_bg_x&quot;:50,&quot;jet_parallax_layout_bg_x_laptop&quot;:&quot;&quot;,&quot;jet_parallax_layout_bg_x_tablet&quot;:&quot;&quot;,&quot;jet_parallax_layout_bg_x_mobile&quot;:&quot;&quot;,&quot;jet_parallax_layout_bg_y&quot;:50,&quot;jet_parallax_layout_bg_y_laptop&quot;:&quot;&quot;,&quot;jet_parallax_layout_bg_y_tablet&quot;:&quot;&quot;,&quot;jet_parallax_layout_bg_y_mobile&quot;:&quot;&quot;,&quot;jet_parallax_layout_bg_size&quot;:&quot;auto&quot;,&quot;jet_parallax_layout_bg_size_laptop&quot;:&quot;&quot;,&quot;jet_parallax_layout_bg_size_tablet&quot;:&quot;&quot;,&quot;jet_parallax_layout_bg_size_mobile&quot;:&quot;&quot;,&quot;jet_parallax_layout_animation_prop&quot;:&quot;transform&quot;,&quot;jet_parallax_layout_on&quot;:[&quot;desktop&quot;,&quot;tablet&quot;]}]}\">\n\t\t\t\t\t\t<div class=\"elementor-container elementor-column-gap-default\">\n\t\t\t\t\t<div class=\"elementor-column elementor-col-100 elementor-top-column elementor-element elementor-element-5f3648e\" data-id=\"5f3648e\" data-element_type=\"column\" data-e-type=\"column\">\n\t\t\t<div class=\"elementor-widget-wrap elementor-element-populated\">\n\t\t\t\t\t\t<div class=\"elementor-element elementor-element-d910907 elementor-widget elementor-widget-menu-anchor\" data-id=\"d910907\" data-element_type=\"widget\" data-e-type=\"widget\" data-widget_type=\"menu-anchor.default\">\n\t\t\t\t\t\t\t<div class=\"elementor-menu-anchor\" id=\"read\"><\/div>\n\t\t\t\t\t\t<\/div>\n\t\t\t\t<div class=\"elementor-element elementor-element-062a770 elementor-widget elementor-widget-text-editor\" data-id=\"062a770\" data-element_type=\"widget\" data-e-type=\"widget\" data-widget_type=\"text-editor.default\">\n\t\t\t\t\t\t\t\t\t<p>MSO Solutions GmbH<br \/>F\u00fcrstenrieder Str. 281<br \/>81377 M\u00fcnchen<\/p><p>Handelsregister: HRB167000<br \/>Registration court: M\u00fcnchen<\/p><p><strong>Represented by the managing directors:<\/strong><br \/>Roland K\u00f6lsch<br \/>Felix K\u00f6lsch<\/p><h2>Contact<\/h2><p>Phone: 089 \/ 309 074 80<br \/>Telefax: 089 \/ 309 074 811<br \/>E-mail: info@mso.de<\/p><h2>VAT ID<\/h2><p>Sales tax identification number according to \u00a7 27 a of the Sales Tax Law:<br \/>DE253429786<\/p><h2>Responsible for the content according to \u00a7 55(2) RStV<\/h2><p>Roland K\u00f6lsch<br \/>F\u00fcrstenriederstr. 281<br \/>81377 M\u00fcnchen<\/p><p>We are not willing or obliged to participate in dispute resolution proceedings before a consumer arbitration board.<\/p><h3>Liability for Contents<\/h3><p>Our offer includes links to external third party websites. We have no influence on the contents of those websites, therefore we cannot guarantee for those contents. Providers or administrators of linked websites are always responsible for their own contents.<\/p><p>The linked websites had been checked for possible violations of law at the time of the establishment of the link. Illegal contents were not detected at the time of the linking. A permanent monitoring of the contents of linked websites cannot be imposed without reasonable indications that there has been a violation of law. Illegal links will be removed immediately at the time we get knowledge of them.<\/p><h3>Copyright<\/h3><p>Contents and compilations published on these websites by the providers are subject to German copyright laws. Reproduction, editing, distribution as well as the use of any kind outside the scope of the copyright law require a written permission of the author or originator. Downloads and copies of these websites are permitted for private use only.<br \/>The commercial use of our contents without permission of the originator is prohibited.<\/p><p>Copyright laws of third parties are respected as long as the contents on these websites do not originate from the provider. Contributions of third parties on this site are indicated as such. However, if you notice any violations of copyright law, please inform us. Such contents will be removed immediately.<\/p><h3>Development and Implementation<\/h3><p>089 \/ 21 555 127<br \/><a href=\"mailto:hello@medienstuermer.de\">hello@medienstuermer.de<\/a><br \/><a href=\"https:\/\/www.medienstuermer.de\/\">https:\/\/www.medienstuermer.de<\/a><\/p>\t\t\t\t\t\t\t\t<\/div>\n\t\t\t\t\t<\/div>\n\t\t<\/div>\n\t\t\t\t\t<\/div>\n\t\t<\/section>\n\t\t\t\t<\/div>\n\t\t","protected":false},"excerpt":{"rendered":"<p>Imprint Imprint MSO Solutions GmbHF\u00fcrstenrieder Str. 28181377 M\u00fcnchen Handelsregister: HRB167000Registration court: M\u00fcnchen Represented by the managing directors:Roland K\u00f6lschFelix K\u00f6lsch Contact Phone: 089 \/ 309 074 80Telefax: 089 \/ 309 074 811E-mail: info@mso.de VAT ID Sales tax identification number according to \u00a7 27 a of the Sales Tax Law:DE253429786 Responsible for the content according to \u00a7 [&hellip;]<\/p>\n","protected":false},"author":1,"featured_media":0,"parent":0,"menu_order":22,"comment_status":"closed","ping_status":"closed","template":"","meta":{"_acf_changed":false,"footnotes":"","_links_to":"","_links_to_target":""},"class_list":["post-2243","page","type-page","status-publish","hentry"],"acf":[],"yoast_head":"<!-- This site is optimized with the Yoast SEO Premium plugin v25.9 (Yoast SEO v27.3) - https:\/\/yoast.com\/product\/yoast-seo-premium-wordpress\/ -->\n<title>Imprint - MSO<\/title>\n<meta name=\"robots\" content=\"noindex, follow, max-snippet:-1, max-image-preview:large, max-video-preview:-1\" \/>\n<meta property=\"og:locale\" content=\"en_US\" \/>\n<meta property=\"og:type\" content=\"article\" \/>\n<meta property=\"og:title\" content=\"Imprint\" \/>\n<meta property=\"og:description\" content=\"Imprint Imprint MSO Solutions GmbHF\u00fcrstenrieder Str. 28181377 M\u00fcnchen Handelsregister: HRB167000Registration court: M\u00fcnchen Represented by the managing directors:Roland K\u00f6lschFelix K\u00f6lsch Contact Phone: 089 \/ 309 074 80Telefax: 089 \/ 309 074 811E-mail: info@mso.de VAT ID Sales tax identification number according to \u00a7 27 a of the Sales Tax Law:DE253429786 Responsible for the content according to \u00a7 [&hellip;]\" \/>\n<meta property=\"og:url\" content=\"https:\/\/staging.mso.de\/en\/imprint\/\" \/>\n<meta property=\"og:site_name\" content=\"MSO\" \/>\n<meta property=\"article:publisher\" content=\"https:\/\/www.facebook.com\/msosolutions\/\" \/>\n<meta property=\"article:modified_time\" content=\"2024-06-24T06:49:22+00:00\" \/>\n<meta name=\"twitter:card\" content=\"summary_large_image\" \/>\n<meta name=\"twitter:site\" content=\"@MSO_Solutions\" \/>\n<meta name=\"twitter:label1\" content=\"Est. reading time\" \/>\n\t<meta name=\"twitter:data1\" content=\"2 minutes\" \/>\n<script type=\"application\/ld+json\" class=\"yoast-schema-graph\">{\"@context\":\"https:\\\/\\\/schema.org\",\"@graph\":[{\"@type\":\"WebPage\",\"@id\":\"https:\\\/\\\/staging.mso.de\\\/en\\\/imprint\\\/\",\"url\":\"https:\\\/\\\/staging.mso.de\\\/en\\\/imprint\\\/\",\"name\":\"Imprint - MSO\",\"isPartOf\":{\"@id\":\"https:\\\/\\\/staging.mso.de\\\/en\\\/#website\"},\"datePublished\":\"2019-07-05T15:20:56+00:00\",\"dateModified\":\"2024-06-24T06:49:22+00:00\",\"breadcrumb\":{\"@id\":\"https:\\\/\\\/staging.mso.de\\\/en\\\/imprint\\\/#breadcrumb\"},\"inLanguage\":\"en-US\",\"potentialAction\":[{\"@type\":\"ReadAction\",\"target\":[\"https:\\\/\\\/staging.mso.de\\\/en\\\/imprint\\\/\"]}]},{\"@type\":\"BreadcrumbList\",\"@id\":\"https:\\\/\\\/staging.mso.de\\\/en\\\/imprint\\\/#breadcrumb\",\"itemListElement\":[{\"@type\":\"ListItem\",\"position\":1,\"name\":\"Startseite\",\"item\":\"https:\\\/\\\/staging.mso.de\\\/en\\\/\"},{\"@type\":\"ListItem\",\"position\":2,\"name\":\"Imprint\"}]},{\"@type\":\"WebSite\",\"@id\":\"https:\\\/\\\/staging.mso.de\\\/en\\\/#website\",\"url\":\"https:\\\/\\\/staging.mso.de\\\/en\\\/\",\"name\":\"MSO\",\"description\":\"Solutions for a Better Management\",\"publisher\":{\"@id\":\"https:\\\/\\\/staging.mso.de\\\/en\\\/#organization\"},\"potentialAction\":[{\"@type\":\"SearchAction\",\"target\":{\"@type\":\"EntryPoint\",\"urlTemplate\":\"https:\\\/\\\/staging.mso.de\\\/en\\\/?s={search_term_string}\"},\"query-input\":{\"@type\":\"PropertyValueSpecification\",\"valueRequired\":true,\"valueName\":\"search_term_string\"}}],\"inLanguage\":\"en-US\"},{\"@type\":\"Organization\",\"@id\":\"https:\\\/\\\/staging.mso.de\\\/en\\\/#organization\",\"name\":\"MSO Solutions GmbH\",\"url\":\"https:\\\/\\\/staging.mso.de\\\/en\\\/\",\"logo\":{\"@type\":\"ImageObject\",\"inLanguage\":\"en-US\",\"@id\":\"https:\\\/\\\/staging.mso.de\\\/en\\\/#\\\/schema\\\/logo\\\/image\\\/\",\"url\":\"https:\\\/\\\/staging.mso.de\\\/wp-content\\\/uploads\\\/2019\\\/05\\\/Logo_MSO_Mail.png\",\"contentUrl\":\"https:\\\/\\\/staging.mso.de\\\/wp-content\\\/uploads\\\/2019\\\/05\\\/Logo_MSO_Mail.png\",\"width\":100,\"height\":100,\"caption\":\"MSO Solutions GmbH\"},\"image\":{\"@id\":\"https:\\\/\\\/staging.mso.de\\\/en\\\/#\\\/schema\\\/logo\\\/image\\\/\"},\"sameAs\":[\"https:\\\/\\\/www.facebook.com\\\/msosolutions\\\/\",\"https:\\\/\\\/x.com\\\/MSO_Solutions\",\"https:\\\/\\\/www.linkedin.com\\\/company\\\/mso-solutions-gmbh\\\/\"]}]}<\/script>\n<!-- \/ Yoast SEO Premium plugin. -->","yoast_head_json":{"title":"Imprint - MSO","robots":{"index":"noindex","follow":"follow","max-snippet":"max-snippet:-1","max-image-preview":"max-image-preview:large","max-video-preview":"max-video-preview:-1"},"og_locale":"en_US","og_type":"article","og_title":"Imprint","og_description":"Imprint Imprint MSO Solutions GmbHF\u00fcrstenrieder Str. 28181377 M\u00fcnchen Handelsregister: HRB167000Registration court: M\u00fcnchen Represented by the managing directors:Roland K\u00f6lschFelix K\u00f6lsch Contact Phone: 089 \/ 309 074 80Telefax: 089 \/ 309 074 811E-mail: info@mso.de VAT ID Sales tax identification number according to \u00a7 27 a of the Sales Tax Law:DE253429786 Responsible for the content according to \u00a7 [&hellip;]","og_url":"https:\/\/staging.mso.de\/en\/imprint\/","og_site_name":"MSO","article_publisher":"https:\/\/www.facebook.com\/msosolutions\/","article_modified_time":"2024-06-24T06:49:22+00:00","twitter_card":"summary_large_image","twitter_site":"@MSO_Solutions","twitter_misc":{"Est. reading time":"2 minutes"},"schema":{"@context":"https:\/\/schema.org","@graph":[{"@type":"WebPage","@id":"https:\/\/staging.mso.de\/en\/imprint\/","url":"https:\/\/staging.mso.de\/en\/imprint\/","name":"Imprint - MSO","isPartOf":{"@id":"https:\/\/staging.mso.de\/en\/#website"},"datePublished":"2019-07-05T15:20:56+00:00","dateModified":"2024-06-24T06:49:22+00:00","breadcrumb":{"@id":"https:\/\/staging.mso.de\/en\/imprint\/#breadcrumb"},"inLanguage":"en-US","potentialAction":[{"@type":"ReadAction","target":["https:\/\/staging.mso.de\/en\/imprint\/"]}]},{"@type":"BreadcrumbList","@id":"https:\/\/staging.mso.de\/en\/imprint\/#breadcrumb","itemListElement":[{"@type":"ListItem","position":1,"name":"Startseite","item":"https:\/\/staging.mso.de\/en\/"},{"@type":"ListItem","position":2,"name":"Imprint"}]},{"@type":"WebSite","@id":"https:\/\/staging.mso.de\/en\/#website","url":"https:\/\/staging.mso.de\/en\/","name":"MSO","description":"Solutions for a Better Management","publisher":{"@id":"https:\/\/staging.mso.de\/en\/#organization"},"potentialAction":[{"@type":"SearchAction","target":{"@type":"EntryPoint","urlTemplate":"https:\/\/staging.mso.de\/en\/?s={search_term_string}"},"query-input":{"@type":"PropertyValueSpecification","valueRequired":true,"valueName":"search_term_string"}}],"inLanguage":"en-US"},{"@type":"Organization","@id":"https:\/\/staging.mso.de\/en\/#organization","name":"MSO Solutions GmbH","url":"https:\/\/staging.mso.de\/en\/","logo":{"@type":"ImageObject","inLanguage":"en-US","@id":"https:\/\/staging.mso.de\/en\/#\/schema\/logo\/image\/","url":"https:\/\/staging.mso.de\/wp-content\/uploads\/2019\/05\/Logo_MSO_Mail.png","contentUrl":"https:\/\/staging.mso.de\/wp-content\/uploads\/2019\/05\/Logo_MSO_Mail.png","width":100,"height":100,"caption":"MSO Solutions GmbH"},"image":{"@id":"https:\/\/staging.mso.de\/en\/#\/schema\/logo\/image\/"},"sameAs":["https:\/\/www.facebook.com\/msosolutions\/","https:\/\/x.com\/MSO_Solutions","https:\/\/www.linkedin.com\/company\/mso-solutions-gmbh\/"]}]}},"_links":{"self":[{"href":"https:\/\/staging.mso.de\/en\/wp-json\/wp\/v2\/pages\/2243","targetHints":{"allow":["GET"]}}],"collection":[{"href":"https:\/\/staging.mso.de\/en\/wp-json\/wp\/v2\/pages"}],"about":[{"href":"https:\/\/staging.mso.de\/en\/wp-json\/wp\/v2\/types\/page"}],"author":[{"embeddable":true,"href":"https:\/\/staging.mso.de\/en\/wp-json\/wp\/v2\/users\/1"}],"replies":[{"embeddable":true,"href":"https:\/\/staging.mso.de\/en\/wp-json\/wp\/v2\/comments?post=2243"}],"version-history":[{"count":5,"href":"https:\/\/staging.mso.de\/en\/wp-json\/wp\/v2\/pages\/2243\/revisions"}],"predecessor-version":[{"id":18339,"href":"https:\/\/staging.mso.de\/en\/wp-json\/wp\/v2\/pages\/2243\/revisions\/18339"}],"wp:attachment":[{"href":"https:\/\/staging.mso.de\/en\/wp-json\/wp\/v2\/media?parent=2243"}],"curies":[{"name":"wp","href":"https:\/\/api.w.org\/{rel}","templated":true}]}}